{"id":949,"date":"2023-05-21T11:10:02","date_gmt":"2023-05-21T09:10:02","guid":{"rendered":"https:\/\/diecimetriquadrati.com\/?page_id=949"},"modified":"2023-05-21T11:10:08","modified_gmt":"2023-05-21T09:10:08","slug":"neurofeedback","status":"publish","type":"page","link":"https:\/\/diecimetriquadrati.com\/?page_id=949","title":{"rendered":"Neurofeedback"},"content":{"rendered":"\n    <section class=\"u-clearfix u-image u-section-1\" id=\"carousel_a8d7\" data-image-width=\"1280\" data-image-height=\"853\" style=\"background-image: url(&quot;http:\/\/diecimetriquadrati.com\/wp-content\/uploads\/2023\/05\/6c573ef20e7c1b8b26c763ed47c9594eed917154837c1cd85fdea224dcf38895f4e19fdac9392cc0fa4d2acc93cb265e339bc32eca242f0fc633a9_1280.jpg&quot;);\">\n      <div class=\"u-clearfix u-sheet u-sheet-1\">\n        <h1 class=\"u-custom-font u-font-montserrat u-text u-text-body-alt-color u-text-1\" data-animation-name=\"slideIn\" data-animation-duration=\"2000\" data-animation-direction=\"Left\">Neurofeedback<\/h1>\n      <\/div>\n    <\/section>\n    <section class=\"u-align-center-lg u-align-center-md u-align-center-sm u-align-center-xl u-align-left-xs u-clearfix u-section-2\" id=\"carousel_a3ba\">\n      <div class=\"u-clearfix u-sheet u-sheet-1\">\n        <div class=\"u-list u-list-1\">\n          <div class=\"u-repeater u-repeater-1\">\n            <div class=\"u-container-style u-list-item u-repeater-item\">\n              <div class=\"u-container-layout u-similar-container u-container-layout-1\">\n                <h1 class=\"u-align-left u-custom-font u-custom-item u-font-montserrat u-text u-text-1\"> Il Dynamical Neurofeedback\u00ae NeurOptimal\u00ae&nbsp;<\/h1>\n                <p class=\"u-align-left u-custom-font u-custom-item u-font-montserrat u-text u-text-default u-text-2\">\n                  <span style=\"font-weight: 700;\"><\/span>\u00c8 una metodologia non invasiva e indolore, che non presenta controindicazioni e che permette di ricavare\ninformazioni sull\u2019attivit\u00e0 cerebrale di un individuo, consentendo al cervello tramite un feedback-ritorno di informazioni su se stesso, di autoregolare la <br>sua attivit\u00e0 ottimizzandola, producendo cambiamenti e miglioramenti a <br>livello neuro-cognitivo. <br>Sempre pi\u00f9 organismi di salute attraverso il mondo ne fanno largo uso (dal <br>2010 l\u2019ospedale parigino della Piti\u00e9 Salp\u00eatri\u00e8re). <br>Un numero sempre crescente di studi ne conferma la validit\u00e0 e l\u2019efficacia. <br>Il Neurofeedback dinamico non lineare, porta sensazione di benessere e <br>leggerezza, migliore gestione dello stress e delle emozioni, nonch\u00e9 un <br>miglioramento delle prestazioni intellettuali e fisiche.<br>\n                  <br>\n                  <span style=\"font-weight: 700;\">In quali casi pu\u00f2 risultare utile? <\/span>\n                  <br>I campi di applicazione del Neurofeedback dinamico sono molteplici: <br>stabilizzazione dell'ansia, attacchi di panico e riduzione della sindrome <br>da stress post traumatico e di tutte le loro somatizzazioni: insonnia, <br>emicranie, fibromialgia, tachicardia, sindrome da fatica cronica, <br>problemi di stomaco ed intestino. Prezioso sostegno in chemioterapia. <br>Si rivela molto efficace anche come primo intervento su stati depressivi <br>e\/o come appoggio alla terapia farmacologica classica. <br>Si sono attestati risultati eclatanti nel trattamento degli acufeni o tinnitus, <br>fischi permanenti percepiti, patologia molto diffusa ed in alcuni casi <br>invalidante.<br>\n                  <br>Degli studi ne attestano l'efficacia per il deficit di attenzione negli <br>adolescenti e negli adulti, con e senza iperattivit\u00e0, e quindi nel trattamento <br>di dislessia, disprassia e discalculia. Le malattie neurodegenerative quali <br>l'Alzheimer, il Parkinson e la demenza senile ne trovano giovamento nel <br>rallentamento del decorso della malattia e nella stabilizzazione dell'umore <br>dei pazienti. <br>Il Neurofeedback dinamico \u00e8 anche utilizzato nella ricerca delle peak <br>performances da sportivi di alto livello di fama internazionale, artisti, <br>creativi, intellettuali. In ambito aziendale sono attestati successi nella <br>gestione dello stress e nel miglioramento delle prestazioni lavorative, con <br>diminuzione dell'assenteismo.<br>\n                  <br>\n                  <span style=\"font-weight: 700;\">IL PRINCIPIO <\/span>\n                  <br>Il Dynamical Neurofeedback\u00ae Neuroptimal\u00ae \u00e8 un metodo di allenamento del cervello che consente a qualsiasi cervello di imparare a autoregolarsi meglio, adattandosi con pi\u00f9 facilit\u00e0 alle variabilit\u00e0 della vita.<br>\n                  <br>\n                  <span style=\"font-weight: 700;\">LE ORIGINI <\/span>\n                  <br>Creato da due psicologi clinici Val e Sue Brown nel 1999, il metodo Neuroptimal\u00ae si basa sulla plasticit\u00e0 del cervello, gli permette di rafforzare le sue connessioni per <br>essere pi\u00f9 efficiente. <br>\n                  <br>\n                  <span style=\"font-weight: 700;\">PER CHI?<\/span>\n                  <br>Il Dynamical Neurofeedback\u00ae Neuroptimal\u00ae \u00e8 naturale, sicuro e senza effetti collaterali. Si rivolge a tutti senza limiti minimi o di et\u00e0 per migliorare la loro vita quotidiana e la qualit\u00e0 della vita. <br>\n                  <br>\n                  <span style=\"font-weight: 700;\">PER CHE COSA?<\/span>\n                  <br>Il Dynamical Neurofeedback\u00ae Neuroptimal\u00ae porta una sensazione di benessere e leggerezza, una migliore gestione dello stress e delle emozioni, nonch\u00e9 un miglioramento delle prestazioni intellettuali e fisiche.<br>\n                  <br>\n                  <br>Informazioni e iscrizioni: <a href=\"mailto:info@diecimetriquadrati.com\" class=\"u-active-none u-border-none u-btn u-button-style u-hover-none u-none u-text-palette-1-base u-btn-1\">info@diecimetriquadrati.com<\/a>\n                  <br>Katia Cattaneo +41 76 567 03 40<br>\n                  <br>\n                <\/p>\n              <\/div>\n            <\/div>\n          <\/div>\n        <\/div>\n      <\/div>\n    <\/section>\n    \n    \n    \n  \n","protected":false},"excerpt":{"rendered":"<p>Neurofeedback Il Dynamical Neurofeedback\u00ae NeurOptimal\u00ae&nbsp; \u00c8 una metodologia non invasiva e indolore, che non presenta controindicazioni e che permette di ricavare informazioni sull\u2019attivit\u00e0 cerebrale di un individuo, consentendo al cervello tramite un feedback-ritorno di informazioni su se stesso, di autoregolare la sua attivit\u00e0 ottimizzandola, producendo cambiamenti e miglioramenti a livello neuro-cognitivo. Sempre pi\u00f9 organismi di &hellip; <a href=\"https:\/\/diecimetriquadrati.com\/?page_id=949\" class=\"more-link\">Continue reading<span class=\"screen-reader-text\"> &#8220;Neurofeedback&#8221;<\/span><\/a><\/p>\n","protected":false},"author":1,"featured_media":0,"parent":0,"menu_order":5,"comment_status":"closed","ping_status":"closed","template":"","meta":[],"_links":{"self":[{"href":"https:\/\/diecimetriquadrati.com\/index.php?rest_route=\/wp\/v2\/pages\/949"}],"collection":[{"href":"https:\/\/diecimetriquadrati.com\/index.php?rest_route=\/wp\/v2\/pages"}],"about":[{"href":"https:\/\/diecimetriquadrati.com\/index.php?rest_route=\/wp\/v2\/types\/page"}],"author":[{"embeddable":true,"href":"https:\/\/diecimetriquadrati.com\/index.php?rest_route=\/wp\/v2\/users\/1"}],"replies":[{"embeddable":true,"href":"https:\/\/diecimetriquadrati.com\/index.php?rest_route=%2Fwp%2Fv2%2Fcomments&post=949"}],"version-history":[{"count":1,"href":"https:\/\/diecimetriquadrati.com\/index.php?rest_route=\/wp\/v2\/pages\/949\/revisions"}],"predecessor-version":[{"id":958,"href":"https:\/\/diecimetriquadrati.com\/index.php?rest_route=\/wp\/v2\/pages\/949\/revisions\/958"}],"wp:attachment":[{"href":"https:\/\/diecimetriquadrati.com\/index.php?rest_route=%2Fwp%2Fv2%2Fmedia&parent=949"}],"curies":[{"name":"wp","href":"https:\/\/api.w.org\/{rel}","templated":true}]}}