{"id":950,"date":"2023-05-21T11:10:03","date_gmt":"2023-05-21T09:10:03","guid":{"rendered":"https:\/\/diecimetriquadrati.com\/?page_id=950"},"modified":"2023-05-21T11:10:08","modified_gmt":"2023-05-21T09:10:08","slug":"gruppi","status":"publish","type":"page","link":"https:\/\/diecimetriquadrati.com\/?page_id=950","title":{"rendered":"Gruppi"},"content":{"rendered":"\n    <section class=\"u-clearfix u-image u-section-1\" id=\"carousel_a8d7\" data-image-width=\"1280\" data-image-height=\"960\" style=\"background-image: url(&quot;http:\/\/diecimetriquadrati.com\/wp-content\/uploads\/2023\/05\/6f9f54bc8f7f8b2f017fc9b498c9924b55979165d63fd31c6b90c365c6b3a8e45a78550b3055a9e171ba5e7f688c685acedeeb0a9e0c0d67480767_1280.jpg&quot;);\">\n      <div class=\"u-clearfix u-sheet u-sheet-1\">\n        <h1 class=\"u-custom-font u-font-montserrat u-text u-text-body-alt-color u-text-1\" data-animation-name=\"slideIn\" data-animation-duration=\"2000\" data-animation-direction=\"Left\">Gruppi<\/h1>\n      <\/div>\n    <\/section>\n    <section class=\"u-align-center-lg u-align-center-md u-align-center-sm u-align-center-xl u-align-left-xs u-clearfix u-section-2\" id=\"carousel_a3ba\">\n      <div class=\"u-clearfix u-sheet u-valign-middle u-sheet-1\">\n        <div class=\"u-list u-list-1\">\n          <div class=\"u-repeater u-repeater-1\">\n            <div class=\"u-container-style u-list-item u-repeater-item\">\n              <div class=\"u-container-layout u-similar-container u-container-layout-1\">\n                <h1 class=\"u-align-left u-custom-font u-custom-item u-font-montserrat u-text u-text-1\"><b>Il caff\u00e8 delle DIECI<\/b>\n                <\/h1>\n                <p class=\"u-align-left u-custom-font u-custom-item u-font-montserrat u-text u-text-default u-text-2\">\n                  <span style=\"font-weight: 700;\"> Due mercoled\u00ec\nal mese alle ore 10.00 <br>\n                  <\/span>\n                  <br>Un appuntamento alle 10 di mattina davanti a un caff\u00e9: una\nbreve pausa da dedicare a se stessi, un'occasione per incontrarsi, per incontrare\nnuove persone, per conoscere il Counseling. Partendo dallo spunto di un* partecipante,\nda un fatto di cronaca, da una citazione, da un'immagine, dallo spezzone di un\nfilm..., il caff\u00e8 delle 10 vuole essere un momento di piacevole condivisione da\ncui pu\u00f2 nascere una riflessione, un confronto o, perch\u00e9 no, l'idea di\naffrontare in un ciclo di incontri strutturati su una questione che ci sta a\ncuore.&nbsp; &nbsp;&nbsp;<br>\n                  <br>Informazione e contatti <a href=\"mailto:info@diecimetriquadrati.com\" class=\"u-active-none u-border-none u-btn u-button-style u-hover-none u-none u-text-palette-1-base u-btn-1\">info@diecimetriquadrati.com<\/a>\n                  <br> Mariella Bebber +39\n393 902 47 85&nbsp;<br>Katia Cattaneo +41 76 567 03 40&nbsp;<br>&nbsp;<br>\n                  <br>\n                <\/p>\n                <div class=\"u-border-3 u-border-grey-dark-1 u-line u-line-horizontal u-line-1\"><\/div>\n              <\/div>\n            <\/div>\n            <div class=\"u-container-style u-list-item u-repeater-item\">\n              <div class=\"u-container-layout u-similar-container u-container-layout-2\">\n                <h1 class=\"u-align-left u-custom-font u-custom-item u-font-montserrat u-text u-text-3\"><b>Il Carrozzone della Vita&nbsp;<\/b>\n                <\/h1>\n                <p class=\"u-align-left u-custom-font u-custom-item u-font-montserrat u-text u-text-default u-text-4\">Ciclo di 6 incontri (con cadenza quindicinale) dedicati alle Donne<br>Quante volte avresti voluto scendere dallo strano Carrozzone della Vita? E quante avresti voluto salirci per andartene via e per\nvivere al massimo? Ecco che magicamente il Carrozzone che passa e che va, si\nmaterializza in un gruppo d'incontro.<br> Il Carrozzone della Vita \u00e8 un luogo riservato e protetto dove incontrarsi,\ncondividere, riflettere, sostenersi e autosostenersi ... accomunate dal nostro essere Donna \u2013 anima e corpo \u2013\ne dalla voglia di esplorare le nostre emozioni, le nostre fragilit\u00e0, le nostre paure, forze, sogni, e fisicit\u00e0. Un modo per scacciare quel senso di\nsolitudine o quella sensazione di inadeguatezza che a volte ci pervadono senza\nmotivo.<br> E allora cosa aspetti?&nbsp;Sali anche tu sul Carrozzone della Vita!<br><!--[if !supportLineBreakNewLine]-->\n                  <br>Quota di partecipazione: 180.- CHF<br>Durata: 1h e 30 minuti a incontro<br>&nbsp;Informazioni e iscrizioni: <a href=\"mailto:info@diecimetriquadrati.com\" class=\"u-active-none u-border-none u-btn u-button-style u-hover-none u-none u-text-palette-1-base u-btn-2\">info@diecimetriquadrati.com<\/a>\n                  <br>Katia Cattaneo \u200b+41 76 567 03 40<br>\n                  <br>\n                <\/p>\n                <div class=\"u-border-3 u-border-grey-dark-1 u-line u-line-horizontal u-line-2\"><\/div>\n              <\/div>\n            <\/div>\n            <div class=\"u-container-style u-list-item u-repeater-item\">\n              <div class=\"u-container-layout u-similar-container u-container-layout-3\">\n                <h1 class=\"u-align-left u-custom-font u-custom-item u-font-montserrat u-text u-text-5\"><b><\/b><b>Quattro chiacchiere fra\nnoi<\/b>\n                <\/h1>\n                <p class=\"u-align-left u-custom-font u-custom-item u-font-montserrat u-text u-text-default u-text-6\">Ciclo di 5 incontri rivolti al mondo Uomo<br> Centro Dieci metri quadrati<br> Via Pozzi 1 - Mendrisio <b>&nbsp;<\/b>&nbsp; &nbsp;<br>Lavoratori, liberi professionisti, collaboratori,\nimprenditori, impiegati, amministratori\u2026; single, in coppia, con o senza figli;\npadri, mariti, compagni, figli, zii, colleghi, amici\u2026 mille impegni, ruoli,\nrelazioni, doveri ma anche diritti, aspettative e sogni...&nbsp;<br>Chi siamo veramente?\nCosa ci infastidisce o ci ostacola? Cosa ci motiva? <i>Quattro chiacchiere tra\nnoi<\/i> \u00e8 un\u2019occasione di confronto, una riflessione sul nostro essere in\nquesta societ\u00e0, un modo per guardarsi intorno e, perch\u00e9 no, per guardare avanti\ncon occhi diversi.\n&nbsp;\n&nbsp; <!--[if !vml]--><!--[endif]-->&nbsp; &nbsp;&nbsp;<br>\n                  <br>Quota di partecipazione: 150.- CHF<br>Durata: 1h e 30 minuti a incontro<br>Informazione e iscrizioni: <a href=\"mailto:info@diecimetriquadrati.com\" class=\"u-active-none u-border-none u-btn u-button-style u-hover-none u-none u-text-palette-1-base u-btn-3\">info@diecimetriquadrati.com<\/a>\n                  <br>Katia Cattaneo \u200b+41 76 567 03 40 &nbsp;\n                <\/p>\n                <div class=\"u-border-3 u-border-grey-dark-1 u-line u-line-horizontal u-line-3\"><\/div>\n              <\/div>\n            <\/div>\n          <\/div>\n        <\/div>\n      <\/div>\n    <\/section>\n    \n    \n    \n  \n","protected":false},"excerpt":{"rendered":"<p>Gruppi Il caff\u00e8 delle DIECI Due mercoled\u00ec al mese alle ore 10.00 Un appuntamento alle 10 di mattina davanti a un caff\u00e9: una breve pausa da dedicare a se stessi, un&#8217;occasione per incontrarsi, per incontrare nuove persone, per conoscere il Counseling. Partendo dallo spunto di un* partecipante, da un fatto di cronaca, da una citazione, &hellip; <a href=\"https:\/\/diecimetriquadrati.com\/?page_id=950\" class=\"more-link\">Continue reading<span class=\"screen-reader-text\"> &#8220;Gruppi&#8221;<\/span><\/a><\/p>\n","protected":false},"author":1,"featured_media":0,"parent":0,"menu_order":6,"comment_status":"closed","ping_status":"closed","template":"","meta":[],"_links":{"self":[{"href":"https:\/\/diecimetriquadrati.com\/index.php?rest_route=\/wp\/v2\/pages\/950"}],"collection":[{"href":"https:\/\/diecimetriquadrati.com\/index.php?rest_route=\/wp\/v2\/pages"}],"about":[{"href":"https:\/\/diecimetriquadrati.com\/index.php?rest_route=\/wp\/v2\/types\/page"}],"author":[{"embeddable":true,"href":"https:\/\/diecimetriquadrati.com\/index.php?rest_route=\/wp\/v2\/users\/1"}],"replies":[{"embeddable":true,"href":"https:\/\/diecimetriquadrati.com\/index.php?rest_route=%2Fwp%2Fv2%2Fcomments&post=950"}],"version-history":[{"count":1,"href":"https:\/\/diecimetriquadrati.com\/index.php?rest_route=\/wp\/v2\/pages\/950\/revisions"}],"predecessor-version":[{"id":959,"href":"https:\/\/diecimetriquadrati.com\/index.php?rest_route=\/wp\/v2\/pages\/950\/revisions\/959"}],"wp:attachment":[{"href":"https:\/\/diecimetriquadrati.com\/index.php?rest_route=%2Fwp%2Fv2%2Fmedia&parent=950"}],"curies":[{"name":"wp","href":"https:\/\/api.w.org\/{rel}","templated":true}]}}