{"id":952,"date":"2023-05-21T11:10:05","date_gmt":"2023-05-21T09:10:05","guid":{"rendered":"https:\/\/diecimetriquadrati.com\/?page_id=952"},"modified":"2023-05-21T11:10:08","modified_gmt":"2023-05-21T09:10:08","slug":"protocollo-mbsr","status":"publish","type":"page","link":"https:\/\/diecimetriquadrati.com\/?page_id=952","title":{"rendered":"Protocollo MBSR"},"content":{"rendered":"\n    <section class=\"u-clearfix u-image u-section-1\" id=\"carousel_a8d7\" data-image-width=\"1280\" data-image-height=\"853\" style=\"background-image: url(&quot;http:\/\/diecimetriquadrati.com\/wp-content\/uploads\/2023\/05\/7bafede71f77257defbe2dfb00372a4043f4386d7faeceadbc91c305e100d9969e27643fcb0db2242a326c198c6d7577b77f832a366a9c15ddaa55_1280.jpg&quot;);\">\n      <div class=\"u-clearfix u-sheet u-sheet-1\">\n        <h1 class=\"u-custom-font u-font-montserrat u-text u-text-body-alt-color u-text-1\" data-animation-name=\"slideIn\" data-animation-duration=\"2000\" data-animation-direction=\"Left\">Protocollo MBSR<\/h1>\n      <\/div>\n    <\/section>\n    <section class=\"u-align-center-lg u-align-center-md u-align-center-sm u-align-center-xl u-align-left-xs u-clearfix u-section-2\" id=\"carousel_a3ba\">\n      <div class=\"u-clearfix u-sheet u-valign-middle-xs u-sheet-1\">\n        <div class=\"u-expanded-width-xs u-list u-list-1\">\n          <div class=\"u-repeater u-repeater-1\">\n            <div class=\"u-container-style u-list-item u-repeater-item\">\n              <div class=\"u-container-layout u-similar-container u-container-layout-1\">\n                <h1 class=\"u-align-left u-custom-font u-custom-item u-font-montserrat u-text u-text-1\">Il programma MBSR&nbsp;<br>\n                  <span style=\"font-size: 1.875rem;\">Programma per la riduzione&nbsp;di stress e sofferenza nella\npersona<br>\n                  <\/span>\n                <\/h1>\n                <p class=\"u-align-left u-custom-font u-custom-item u-font-montserrat u-text u-text-default u-text-2\">\n                  <span style=\"font-weight: 700;\">MBSR <\/span>(Mindfulness Based Stress Reduction),&nbsp;<span style=\"font-weight: 700;\"><\/span> \u00e8 un programma scientifico, sviluppato nell\u2019ambito della medicina comportamentale e della medicina partecipativa da Jon Kabat-Zinn e dai suoi collaboratori. <br>\n                  <br>Sviluppato da pi\u00f9 di 40 anni (dal 1979), \u00e8 stato completato a oggi da decine e decine di migliaia di persone e viene proposto in centinaia di ospedali negli Stati Uniti e in Europa nel contesto della medicina integrativa. <br>Oltre a essere l\u2019esperienza pionieristica pi\u00f9 riconosciuta delle applicazioni cliniche e psi cosociali della mindfulness, \u00e8 il programma pi\u00f9 studiato e validato dalla letteratura di ricerca e il pi\u00f9 ricco di nuovi sviluppi. E\u2019 stato inoltre inserito, per le sue potenzialit\u00e0 cliniche preventive e riabilitative, in programmi di intervento nelle carceri, nelle scuole e nelle organizzazioni al fine di affrontare molte delle problematiche legate allo stress - ossia alla sofferenza - sia fisiche sia psicologiche. <br>\n                  <br>L\u2019MBSR e gli altri interventi mindfulnessbased da questo derivati, tra cui l\u2019MBCT (Mindfulness-Based Cognitive Therapy), incontrano crescente interesse in ambito psicoterapeutico, in particolare (ma non solo) all'interno degli approcci cognitivisti.<br>\n                  <br>\n                  <br>\n                  <br>\n                  <br>Informazioni e contatti: <a href=\"mailto:info@diecimetriquadrati.com\" class=\"u-active-none u-border-none u-btn u-button-style u-hover-none u-none u-text-palette-1-base u-btn-1\">info@diecimetriquadrati.com<\/a>\n                  <br>Katia Cattaneo +41 76 567 03 40<br>\n                <\/p>\n              <\/div>\n            <\/div>\n          <\/div>\n        <\/div>\n      <\/div>\n    <\/section>\n    \n    \n    \n  \n","protected":false},"excerpt":{"rendered":"<p>Protocollo MBSR Il programma MBSR&nbsp; Programma per la riduzione&nbsp;di stress e sofferenza nella persona MBSR (Mindfulness Based Stress Reduction),&nbsp; \u00e8 un programma scientifico, sviluppato nell\u2019ambito della medicina comportamentale e della medicina partecipativa da Jon Kabat-Zinn e dai suoi collaboratori. Sviluppato da pi\u00f9 di 40 anni (dal 1979), \u00e8 stato completato a oggi da decine e &hellip; <a href=\"https:\/\/diecimetriquadrati.com\/?page_id=952\" class=\"more-link\">Continue reading<span class=\"screen-reader-text\"> &#8220;Protocollo MBSR&#8221;<\/span><\/a><\/p>\n","protected":false},"author":1,"featured_media":0,"parent":0,"menu_order":8,"comment_status":"closed","ping_status":"closed","template":"","meta":[],"_links":{"self":[{"href":"https:\/\/diecimetriquadrati.com\/index.php?rest_route=\/wp\/v2\/pages\/952"}],"collection":[{"href":"https:\/\/diecimetriquadrati.com\/index.php?rest_route=\/wp\/v2\/pages"}],"about":[{"href":"https:\/\/diecimetriquadrati.com\/index.php?rest_route=\/wp\/v2\/types\/page"}],"author":[{"embeddable":true,"href":"https:\/\/diecimetriquadrati.com\/index.php?rest_route=\/wp\/v2\/users\/1"}],"replies":[{"embeddable":true,"href":"https:\/\/diecimetriquadrati.com\/index.php?rest_route=%2Fwp%2Fv2%2Fcomments&post=952"}],"version-history":[{"count":1,"href":"https:\/\/diecimetriquadrati.com\/index.php?rest_route=\/wp\/v2\/pages\/952\/revisions"}],"predecessor-version":[{"id":961,"href":"https:\/\/diecimetriquadrati.com\/index.php?rest_route=\/wp\/v2\/pages\/952\/revisions\/961"}],"wp:attachment":[{"href":"https:\/\/diecimetriquadrati.com\/index.php?rest_route=%2Fwp%2Fv2%2Fmedia&parent=952"}],"curies":[{"name":"wp","href":"https:\/\/api.w.org\/{rel}","templated":true}]}}